{"id":22,"date":"2024-04-24T18:39:12","date_gmt":"2024-04-24T16:39:12","guid":{"rendered":"http:\/\/monarchcampestre.com\/index.php\/habitaciones-copy\/"},"modified":"2025-10-10T04:45:16","modified_gmt":"2025-10-10T09:45:16","slug":"ubicacion","status":"publish","type":"page","link":"https:\/\/monarchcampestre.com\/en\/ubicacion\/","title":{"rendered":"Location"},"content":{"rendered":"<p>[et_pb_section fb_built=\u00bb1&#8243; _builder_version=\u00bb4.23.1&#8243; _module_preset=\u00bbdefault\u00bb background_color=\u00bb#3C4334&#8243; use_background_color_gradient=\u00bbon\u00bb background_color_gradient_stops=\u00bb#3c4334 1%|rgba(60,67,52,0.85) 99%\u00bb background_color_gradient_overlays_image=\u00bbon\u00bb background_enable_image=\u00bboff\u00bb background_position=\u00bbbottom_left\u00bb custom_margin=\u00bb||||false|false\u00bb custom_padding=\u00bb10%||||false|false\u00bb locked=\u00bboff\u00bb global_colors_info=\u00bb{}\u00bb][et_pb_row _builder_version=\u00bb4.23.1&#8243; _module_preset=\u00bbdefault\u00bb global_colors_info=\u00bb{}\u00bb][et_pb_column type=\u00bb4_4&#8243; _builder_version=\u00bb4.23.1&#8243; _module_preset=\u00bbdefault\u00bb global_colors_info=\u00bb{}\u00bb][et_pb_text _builder_version=\u00bb4.23.1&#8243; _module_preset=\u00bbdefault\u00bb text_font=\u00bbMontserrat||||||||\u00bb text_text_color=\u00bb#FFFFFF\u00bb text_font_size=\u00bb15px\u00bb header_font=\u00bbPlayfair Display|700|||||||\u00bb header_text_color=\u00bb#C49B77&#8243; header_font_size=\u00bb56px\u00bb locked=\u00bboff\u00bb global_colors_info=\u00bb{}\u00bb]<\/p>\n<h1><span data-token-index=\"0\" class=\"notion-enable-hover\" style=\"color: #ffffff;\">Location<\/span><!-- --><!-- notionvc: e370b3b9-dbff-4514-811a-d606027f4ae6 --><!-- --> <!-- notionvc: c5483fc0-5036-4724-97b5-c5edfb58401c --><\/h1>\n<p><strong>Closer than you think<\/strong><\/p>\n<p><span data-token-index=\"0\" class=\"notion-enable-hover\"><\/span>Only 5 minutes from Llanogrande, in the San Jorge Residential area (Rionegro), surrounded by nature and with easy access from Jos\u00e9 Mar\u00eda C\u00f3rdova Airport. A convenient and accessible location to ensure your guests arrive without complications.<\/p>\n<p><span data-token-index=\"0\" class=\"notion-enable-hover\"><\/span><\/p>\n<p>[\/et_pb_text][\/et_pb_column][\/et_pb_row][\/et_pb_section][et_pb_section fb_built=\u00bb1&#8243; _builder_version=\u00bb4.23.1&#8243; _module_preset=\u00bbdefault\u00bb background_color=\u00bb#FFFFFF\u00bb use_background_color_gradient=\u00bbon\u00bb background_color_gradient_stops=\u00bbrgba(255,255,255,0.34) 0%|rgba(255,255,255,0.34) 99%\u00bb background_color_gradient_overlays_image=\u00bbon\u00bb background_image=\u00bbhttps:\/\/monarchcampestre.com\/wp-content\/uploads\/2024\/06\/monarch-texture-1.png\u00bb parallax=\u00bbon\u00bb global_colors_info=\u00bb{}\u00bb][et_pb_row column_structure=\u00bb1_3,1_3,1_3&#8243; _builder_version=\u00bb4.23.1&#8243; _module_preset=\u00bbdefault\u00bb background_color=\u00bbrgba(188,190,168,0.52)\u00bb width=\u00bb90%\u00bb max_width=\u00bb2053px\u00bb custom_padding=\u00bb3%|5%|3%|5%|false|false\u00bb border_radii=\u00bbon|5px|5px|5px|5px\u00bb global_colors_info=\u00bb{}\u00bb][et_pb_column type=\u00bb1_3&#8243; _builder_version=\u00bb4.23.1&#8243; _module_preset=\u00bbdefault\u00bb global_colors_info=\u00bb{}\u00bb][et_pb_blurb title=\u00bb+57 (310) 323 52 44&#8243; use_icon=\u00bbon\u00bb font_icon=\u00bb&#xf879;||fa||900&#8243; icon_color=\u00bb#606A4A\u00bb image_icon_width=\u00bb56px\u00bb module_id=\u00bbcall-ubicacion\u00bb module_class=\u00bbcall\u00bb _builder_version=\u00bb4.23.1&#8243; _module_preset=\u00bbdefault\u00bb header_font=\u00bbPlayfair Display|800|||||||\u00bb header_text_align=\u00bbcenter\u00bb header_text_color=\u00bb#3C4334&#8243; header_font_size=\u00bb18px\u00bb locked=\u00bboff\u00bb global_colors_info=\u00bb{}\u00bb][\/et_pb_blurb][\/et_pb_column][et_pb_column type=\u00bb1_3&#8243; _builder_version=\u00bb4.23.1&#8243; _module_preset=\u00bbdefault\u00bb global_colors_info=\u00bb{}\u00bb][et_pb_blurb title=\u00bbeventos@monarchcampestre.com\u00bb use_icon=\u00bbon\u00bb font_icon=\u00bb&#xf658;||fa||900&#8243; icon_color=\u00bb#606A4A\u00bb image_icon_width=\u00bb56px\u00bb _builder_version=\u00bb4.23.1&#8243; _module_preset=\u00bbdefault\u00bb header_font=\u00bbPlayfair Display|800|||||||\u00bb header_text_align=\u00bbcenter\u00bb header_text_color=\u00bb#3C4334&#8243; header_font_size=\u00bb18px\u00bb locked=\u00bboff\u00bb global_colors_info=\u00bb{}\u00bb][\/et_pb_blurb][\/et_pb_column][et_pb_column type=\u00bb1_3&#8243; _builder_version=\u00bb4.23.1&#8243; _module_preset=\u00bbdefault\u00bb global_colors_info=\u00bb{}\u00bb][et_pb_blurb title=\u00bbParcelaci\u00f3n San jorge, Rionegro, Ant. Co\u00bb use_icon=\u00bbon\u00bb font_icon=\u00bb&#xf3c5;||fa||900&#8243; icon_color=\u00bb#606A4A\u00bb image_icon_width=\u00bb56px\u00bb _builder_version=\u00bb4.23.1&#8243; _module_preset=\u00bbdefault\u00bb header_font=\u00bbPlayfair Display|800|||||||\u00bb header_text_align=\u00bbcenter\u00bb header_text_color=\u00bb#3C4334&#8243; header_font_size=\u00bb20px\u00bb locked=\u00bboff\u00bb global_colors_info=\u00bb{}\u00bb][\/et_pb_blurb][\/et_pb_column][\/et_pb_row][et_pb_row _builder_version=\u00bb4.23.1&#8243; _module_preset=\u00bbdefault\u00bb global_colors_info=\u00bb{}\u00bb][et_pb_column type=\u00bb4_4&#8243; _builder_version=\u00bb4.23.1&#8243; _module_preset=\u00bbdefault\u00bb global_colors_info=\u00bb{}\u00bb][et_pb_code _builder_version=\u00bb4.23.1&#8243; _module_preset=\u00bbdefault\u00bb global_colors_info=\u00bb{}\u00bb]<iframe src=\"https:\/\/www.google.com\/maps\/embed?pb=!1m14!1m8!1m3!1d15869.203473220883!2d-75.3807389!3d6.0901103!3m2!1i1024!2i768!4f13.1!3m3!1m2!1s0x8e4697521e4c42f7%3A0x148e445c16983b68!2sMonarch%20Campestre%20(Hotel%20y%20centro%20de%20eventos)!5e0!3m2!1ses!2sco!4v1718197666200!5m2!1ses!2sco\" width=\"100%\" height=\"450\" style=\"border:0;\" allowfullscreen=\"\" loading=\"lazy\" referrerpolicy=\"no-referrer-when-downgrade\"><\/iframe>[\/et_pb_code][\/et_pb_column][\/et_pb_row][\/et_pb_section]<\/p>","protected":false},"excerpt":{"rendered":"<p>Ubicaci\u00f3n Estamos m\u00e1s cerca de lo que piensas A solo 5 minutos de Llanogrande, en la Parcelaci\u00f3n San Jorge (Rionegro), rodeados de naturaleza y con f\u00e1cil acceso desde el Aeropuerto Jos\u00e9 Mar\u00eda C\u00f3rdova. Un lugar cercano y pr\u00e1ctico para que tus invitados lleguen sin complicaciones.<\/p>","protected":false},"author":1,"featured_media":0,"parent":0,"menu_order":0,"comment_status":"closed","ping_status":"closed","template":"","meta":{"_et_pb_use_builder":"on","_et_pb_old_content":"<!-- wp:divi\/placeholder \/-->","_et_gb_content_width":"","_joinchat":[],"footnotes":""},"class_list":["post-22","page","type-page","status-publish","hentry"],"_links":{"self":[{"href":"https:\/\/monarchcampestre.com\/en\/wp-json\/wp\/v2\/pages\/22","targetHints":{"allow":["GET"]}}],"collection":[{"href":"https:\/\/monarchcampestre.com\/en\/wp-json\/wp\/v2\/pages"}],"about":[{"href":"https:\/\/monarchcampestre.com\/en\/wp-json\/wp\/v2\/types\/page"}],"author":[{"embeddable":true,"href":"https:\/\/monarchcampestre.com\/en\/wp-json\/wp\/v2\/users\/1"}],"replies":[{"embeddable":true,"href":"https:\/\/monarchcampestre.com\/en\/wp-json\/wp\/v2\/comments?post=22"}],"version-history":[{"count":19,"href":"https:\/\/monarchcampestre.com\/en\/wp-json\/wp\/v2\/pages\/22\/revisions"}],"predecessor-version":[{"id":815,"href":"https:\/\/monarchcampestre.com\/en\/wp-json\/wp\/v2\/pages\/22\/revisions\/815"}],"wp:attachment":[{"href":"https:\/\/monarchcampestre.com\/en\/wp-json\/wp\/v2\/media?parent=22"}],"curies":[{"name":"wp","href":"https:\/\/api.w.org\/{rel}","templated":true}]}}